{"id":24,"date":"2017-09-25T09:41:02","date_gmt":"2017-09-25T09:41:02","guid":{"rendered":"http:\/\/jug-doo.hr\/?page_id=24"},"modified":"2017-09-25T09:41:02","modified_gmt":"2017-09-25T09:41:02","slug":"prodajni-program","status":"publish","type":"page","link":"https:\/\/jug-doo.hr\/?page_id=24","title":{"rendered":"Prodajni program"},"content":{"rendered":"<p style=\"text-align: center;\">dijelovi za traktore i poljoprivredne strojeve<br \/>\npoljoprivredna mehanizacija<br \/>\nle\u017eaji<br \/>\nsemerinzi<br \/>\nsegeri<br \/>\nremenje<br \/>\nlanci<br \/>\nkardani<br \/>\nelektrika<br \/>\nakumulatori<br \/>\nfilteri<br \/>\nulja i maziva<br \/>\ngume<br \/>\nvij\u010dana roba<br \/>\nalati<br \/>\noprema i strojevi za \u0161umarstvo<br \/>\noprema za industriju<\/p>\n","protected":false},"excerpt":{"rendered":"<p>dijelovi za traktore i poljoprivredne strojeve poljoprivredna mehanizacija le\u017eaji semerinzi segeri remenje lanci kardani elektrika akumulatori filteri ulja i maziva gume vij\u010dana roba alati oprema i strojevi za \u0161umarstvo oprema za industriju<\/p>\n","protected":false},"author":1,"featured_media":0,"parent":0,"menu_order":0,"comment_status":"closed","ping_status":"closed","template":"","meta":{"footnotes":""},"class_list":["post-24","page","type-page","status-publish","hentry"],"_links":{"self":[{"href":"https:\/\/jug-doo.hr\/index.php?rest_route=\/wp\/v2\/pages\/24"}],"collection":[{"href":"https:\/\/jug-doo.hr\/index.php?rest_route=\/wp\/v2\/pages"}],"about":[{"href":"https:\/\/jug-doo.hr\/index.php?rest_route=\/wp\/v2\/types\/page"}],"author":[{"embeddable":true,"href":"https:\/\/jug-doo.hr\/index.php?rest_route=\/wp\/v2\/users\/1"}],"replies":[{"embeddable":true,"href":"https:\/\/jug-doo.hr\/index.php?rest_route=%2Fwp%2Fv2%2Fcomments&post=24"}],"version-history":[{"count":1,"href":"https:\/\/jug-doo.hr\/index.php?rest_route=\/wp\/v2\/pages\/24\/revisions"}],"predecessor-version":[{"id":25,"href":"https:\/\/jug-doo.hr\/index.php?rest_route=\/wp\/v2\/pages\/24\/revisions\/25"}],"wp:attachment":[{"href":"https:\/\/jug-doo.hr\/index.php?rest_route=%2Fwp%2Fv2%2Fmedia&parent=24"}],"curies":[{"name":"wp","href":"https:\/\/api.w.org\/{rel}","templated":true}]}}