{"id":26,"date":"2017-09-25T09:41:23","date_gmt":"2017-09-25T09:41:23","guid":{"rendered":"http:\/\/jug-doo.hr\/?page_id=26"},"modified":"2017-09-25T09:41:23","modified_gmt":"2017-09-25T09:41:23","slug":"novo-u-ponudi","status":"publish","type":"page","link":"https:\/\/jug-doo.hr\/?page_id=26","title":{"rendered":"Novo u ponudi"},"content":{"rendered":"<p style=\"text-align: center;\">prodaja poljoprivredne mehanizacije<br \/>\nprikolice<br \/>\nsjetvosprema\u010di<br \/>\ndrlja\u010de<br \/>\nplugovi<br \/>\ntanjura\u010de<br \/>\nkosilice<br \/>\nmal\u010deri<br \/>\nprskalice<br \/>\nvitla za \u0161umarstvo<\/p>\n<p style=\"text-align: center;\">motorne pile i trimeri STIHL<\/p>\n","protected":false},"excerpt":{"rendered":"<p>prodaja poljoprivredne mehanizacije prikolice sjetvosprema\u010di drlja\u010de plugovi tanjura\u010de kosilice mal\u010deri prskalice vitla za \u0161umarstvo motorne pile i trimeri STIHL<\/p>\n","protected":false},"author":1,"featured_media":0,"parent":0,"menu_order":0,"comment_status":"closed","ping_status":"closed","template":"","meta":{"footnotes":""},"class_list":["post-26","page","type-page","status-publish","hentry"],"_links":{"self":[{"href":"https:\/\/jug-doo.hr\/index.php?rest_route=\/wp\/v2\/pages\/26"}],"collection":[{"href":"https:\/\/jug-doo.hr\/index.php?rest_route=\/wp\/v2\/pages"}],"about":[{"href":"https:\/\/jug-doo.hr\/index.php?rest_route=\/wp\/v2\/types\/page"}],"author":[{"embeddable":true,"href":"https:\/\/jug-doo.hr\/index.php?rest_route=\/wp\/v2\/users\/1"}],"replies":[{"embeddable":true,"href":"https:\/\/jug-doo.hr\/index.php?rest_route=%2Fwp%2Fv2%2Fcomments&post=26"}],"version-history":[{"count":1,"href":"https:\/\/jug-doo.hr\/index.php?rest_route=\/wp\/v2\/pages\/26\/revisions"}],"predecessor-version":[{"id":27,"href":"https:\/\/jug-doo.hr\/index.php?rest_route=\/wp\/v2\/pages\/26\/revisions\/27"}],"wp:attachment":[{"href":"https:\/\/jug-doo.hr\/index.php?rest_route=%2Fwp%2Fv2%2Fmedia&parent=26"}],"curies":[{"name":"wp","href":"https:\/\/api.w.org\/{rel}","templated":true}]}}